{"id":6441,"date":"2018-05-12T08:07:21","date_gmt":"2018-05-12T12:07:21","guid":{"rendered":"https:\/\/www.fiqhulislam.com\/?page_id=6441"},"modified":"2018-05-12T08:07:21","modified_gmt":"2018-05-12T12:07:21","slug":"tafseer","status":"publish","type":"page","link":"https:\/\/www.fiqhulislam.com\/?page_id=6441","title":{"rendered":"Tafseer"},"content":{"rendered":"<ul class=\"lcp_catlist\" id=\"lcp_instance_0\"><li><a href=\"https:\/\/www.fiqhulislam.com\/?p=6920\">Fasting on a Journey<\/a><\/li><li><a href=\"https:\/\/www.fiqhulislam.com\/?p=6915\">Shaikh S\u0101b\u016bn\u012b\u2019s Tafs\u012br of S\u016brah Al-Mulk Verse 2<\/a><\/li><li><a href=\"https:\/\/www.fiqhulislam.com\/?p=6908\">Shaikh S\u0101b\u016bn\u012b&#8217;s Tafs\u012br of S\u016brah Al-\u1e24\u0101qqah Verse 52<\/a><\/li><li><a href=\"https:\/\/www.fiqhulislam.com\/?p=6901\">The Day the Sky Will be Like Molted Copper<\/a><\/li><li><a href=\"https:\/\/www.fiqhulislam.com\/?p=11088\">Shaikh S\u0101b\u016bn\u012b\u2019s Tafs\u012br on Verse 34 of S\u016brah Qalam<\/a><\/li><li><a href=\"https:\/\/www.fiqhulislam.com\/?p=6100\">Kufr\/K\u0101fir<\/a><\/li><li><a href=\"https:\/\/www.fiqhulislam.com\/?p=6344\">Laws of Surah Baqarah V.239<\/a><\/li><li><a href=\"https:\/\/www.fiqhulislam.com\/?p=6342\">Laws of Surah Baqarah V.238<\/a><\/li><li><a href=\"https:\/\/www.fiqhulislam.com\/?p=6338\">Laws of Surah Baqarah V.237<\/a><\/li><li><a href=\"https:\/\/www.fiqhulislam.com\/?p=6335\">Laws of Surah Baqarah V.236<\/a><\/li><\/ul>\n","protected":false},"excerpt":{"rendered":"","protected":false},"author":1,"featured_media":0,"parent":0,"menu_order":0,"comment_status":"closed","ping_status":"closed","template":"","meta":{"_editorskit_title_hidden":false,"_editorskit_reading_time":0,"_editorskit_is_block_options_detached":false,"_editorskit_block_options_position":"{}","footnotes":""},"class_list":["post-6441","page","type-page","status-publish","hentry"],"_links":{"self":[{"href":"https:\/\/www.fiqhulislam.com\/index.php?rest_route=\/wp\/v2\/pages\/6441","targetHints":{"allow":["GET"]}}],"collection":[{"href":"https:\/\/www.fiqhulislam.com\/index.php?rest_route=\/wp\/v2\/pages"}],"about":[{"href":"https:\/\/www.fiqhulislam.com\/index.php?rest_route=\/wp\/v2\/types\/page"}],"author":[{"embeddable":true,"href":"https:\/\/www.fiqhulislam.com\/index.php?rest_route=\/wp\/v2\/users\/1"}],"replies":[{"embeddable":true,"href":"https:\/\/www.fiqhulislam.com\/index.php?rest_route=%2Fwp%2Fv2%2Fcomments&post=6441"}],"version-history":[{"count":0,"href":"https:\/\/www.fiqhulislam.com\/index.php?rest_route=\/wp\/v2\/pages\/6441\/revisions"}],"wp:attachment":[{"href":"https:\/\/www.fiqhulislam.com\/index.php?rest_route=%2Fwp%2Fv2%2Fmedia&parent=6441"}],"curies":[{"name":"wp","href":"https:\/\/api.w.org\/{rel}","templated":true}]}}